{"id":10,"date":"2018-12-20T10:12:32","date_gmt":"2018-12-20T10:12:32","guid":{"rendered":"https:\/\/kg-gemuetlichkeit-kerpen.de\/?page_id=10"},"modified":"2025-12-22T15:50:11","modified_gmt":"2025-12-22T15:50:11","slug":"startseite","status":"publish","type":"page","link":"https:\/\/kg-gemuetlichkeit-kerpen.de\/","title":{"rendered":"Startseite"},"content":{"rendered":"\n<p>Herzlich Willkommen auf der Homepage der Traditions-Karnevals-Gesellschaft Gem\u00fctlichkeit 1908 Kerpen e.V.<br>Auf unserer Seite wollen wir Euch unsere KG ein wenig vorstellen. <br><br>Viel Spa\u00df beim st\u00f6bern. <\/p>\n\n\n\n<figure class=\"wp-block-image size-large is-style-default\"><img decoding=\"async\" loading=\"lazy\" width=\"1024\" height=\"576\" src=\"https:\/\/kg-gemuetlichkeit-kerpen.de\/wp-content\/uploads\/2025\/12\/40-1024x576.jpg\" alt=\"\" class=\"wp-image-919\" srcset=\"https:\/\/kg-gemuetlichkeit-kerpen.de\/wp-content\/uploads\/2025\/12\/40-1024x576.jpg 1024w, https:\/\/kg-gemuetlichkeit-kerpen.de\/wp-content\/uploads\/2025\/12\/40-300x169.jpg 300w, https:\/\/kg-gemuetlichkeit-kerpen.de\/wp-content\/uploads\/2025\/12\/40-768x432.jpg 768w, https:\/\/kg-gemuetlichkeit-kerpen.de\/wp-content\/uploads\/2025\/12\/40.jpg 1280w\" sizes=\"(max-width: 1024px) 100vw, 1024px\" \/><\/figure>\n\n\n\n<p><strong>NEWS<\/strong><\/p>\n\n\n\n<div class=\"wp-block-columns is-layout-flex wp-container-4\">\n<div class=\"wp-block-column is-layout-flow\">\n<figure class=\"wp-block-image size-large is-style-default\"><img decoding=\"async\" loading=\"lazy\" width=\"1024\" height=\"768\" src=\"https:\/\/kg-gemuetlichkeit-kerpen.de\/wp-content\/uploads\/2025\/03\/fischessen-1024x768.jpg\" alt=\"\" class=\"wp-image-790\" srcset=\"https:\/\/kg-gemuetlichkeit-kerpen.de\/wp-content\/uploads\/2025\/03\/fischessen-1024x768.jpg 1024w, https:\/\/kg-gemuetlichkeit-kerpen.de\/wp-content\/uploads\/2025\/03\/fischessen-300x225.jpg 300w, https:\/\/kg-gemuetlichkeit-kerpen.de\/wp-content\/uploads\/2025\/03\/fischessen-768x576.jpg 768w, https:\/\/kg-gemuetlichkeit-kerpen.de\/wp-content\/uploads\/2025\/03\/fischessen.jpg 1200w\" sizes=\"(max-width: 1024px) 100vw, 1024px\" \/><\/figure>\n\n\n\n<p>Am Sonntag den 09.03.2025 fand unser Traditionelles Fischessen in unserer Vereinskneipe &#8222;Zum Trompeter&#8220; statt.<br><br>Bei leckerem Essen und k\u00fchlen Getr\u00e4nken konnten wir die lange Session etwas Revue passieren lassen und uns auf die n\u00e4chste freuen. <\/p>\n<\/div>\n\n\n\n<div class=\"wp-block-column is-layout-flow\">\n<figure class=\"wp-block-image size-large is-style-default\"><img decoding=\"async\" loading=\"lazy\" width=\"1024\" height=\"768\" src=\"https:\/\/kg-gemuetlichkeit-kerpen.de\/wp-content\/uploads\/2025\/03\/rosenmontag-1024x768.jpg\" alt=\"\" class=\"wp-image-792\" srcset=\"https:\/\/kg-gemuetlichkeit-kerpen.de\/wp-content\/uploads\/2025\/03\/rosenmontag-1024x768.jpg 1024w, https:\/\/kg-gemuetlichkeit-kerpen.de\/wp-content\/uploads\/2025\/03\/rosenmontag-300x225.jpg 300w, https:\/\/kg-gemuetlichkeit-kerpen.de\/wp-content\/uploads\/2025\/03\/rosenmontag-768x576.jpg 768w, https:\/\/kg-gemuetlichkeit-kerpen.de\/wp-content\/uploads\/2025\/03\/rosenmontag.jpg 1200w\" sizes=\"(max-width: 1024px) 100vw, 1024px\" \/><\/figure>\n\n\n\n<p>Bei bestem Wetter konnten wir an Rosenmontag durch die Stra\u00dfen Kerpens ziehen. <br><br>Mit 4 Wagen, einem Bagagewagen und insgesamt 222 Personen, konnte die Gem\u00fctlichkeit die gr\u00f6\u00dfte Gruppe im diesj\u00e4hrigen Rosenmontagszug stellen.  <\/p>\n<\/div>\n\n\n\n<div class=\"wp-block-column is-layout-flow\">\n<figure class=\"wp-block-image size-large is-style-default\"><img decoding=\"async\" loading=\"lazy\" width=\"1024\" height=\"768\" src=\"https:\/\/kg-gemuetlichkeit-kerpen.de\/wp-content\/uploads\/2025\/03\/kamellepacken-1024x768.jpg\" alt=\"\" class=\"wp-image-791\" srcset=\"https:\/\/kg-gemuetlichkeit-kerpen.de\/wp-content\/uploads\/2025\/03\/kamellepacken-1024x768.jpg 1024w, https:\/\/kg-gemuetlichkeit-kerpen.de\/wp-content\/uploads\/2025\/03\/kamellepacken-300x225.jpg 300w, https:\/\/kg-gemuetlichkeit-kerpen.de\/wp-content\/uploads\/2025\/03\/kamellepacken-768x576.jpg 768w, https:\/\/kg-gemuetlichkeit-kerpen.de\/wp-content\/uploads\/2025\/03\/kamellepacken.jpg 1200w\" sizes=\"(max-width: 1024px) 100vw, 1024px\" \/><\/figure>\n\n\n\n<p>Am Karnevalssamstag hie\u00df es traditionell Kamellepacken. Mit Klappkisten f\u00fcr die Wagen und mit Beuteln f\u00fcr die Fu\u00dfgruppe bewaffnet, wurde von den Helfern flei\u00dfig gepackt und gepackt. <br><br>Die Wagen wurden beladen und geschm\u00fcckt. <\/p>\n<\/div>\n<\/div>\n\n\n\n<div class=\"wp-block-columns is-layout-flex wp-container-8\">\n<div class=\"wp-block-column is-layout-flow\">\n<figure class=\"wp-block-image size-large is-style-default\"><img decoding=\"async\" loading=\"lazy\" width=\"1024\" height=\"768\" src=\"https:\/\/kg-gemuetlichkeit-kerpen.de\/wp-content\/uploads\/2025\/03\/KINDER-1024x768.jpg\" alt=\"\" class=\"wp-image-805\" srcset=\"https:\/\/kg-gemuetlichkeit-kerpen.de\/wp-content\/uploads\/2025\/03\/KINDER-1024x768.jpg 1024w, https:\/\/kg-gemuetlichkeit-kerpen.de\/wp-content\/uploads\/2025\/03\/KINDER-300x225.jpg 300w, https:\/\/kg-gemuetlichkeit-kerpen.de\/wp-content\/uploads\/2025\/03\/KINDER-768x576.jpg 768w, https:\/\/kg-gemuetlichkeit-kerpen.de\/wp-content\/uploads\/2025\/03\/KINDER.jpg 1200w\" sizes=\"(max-width: 1024px) 100vw, 1024px\" \/><\/figure>\n\n\n\n<p>Ausverkaufte Kindersitzung in der Jahnhalle Kerpen. <br><br>Sitzungspr\u00e4sidentinnen Laura Gunia und Ann-Kathrin Schauff konnten sehr zufrieden sein. Ob die eigenen Tanzgruppen, Florin &amp; sein Hund Cato, als auch Scharm\u00f6\u00f6r und Tom Lehel bereiteten den Kindern einen unvergesslichen Tag.<\/p>\n<\/div>\n\n\n\n<div class=\"wp-block-column is-layout-flow\">\n<figure class=\"wp-block-image size-large is-resized is-style-default\"><img decoding=\"async\" loading=\"lazy\" src=\"https:\/\/kg-gemuetlichkeit-kerpen.de\/wp-content\/uploads\/2025\/03\/PRUNK-1024x768.jpg\" alt=\"\" class=\"wp-image-806\" width=\"317\" height=\"237\" srcset=\"https:\/\/kg-gemuetlichkeit-kerpen.de\/wp-content\/uploads\/2025\/03\/PRUNK-1024x768.jpg 1024w, https:\/\/kg-gemuetlichkeit-kerpen.de\/wp-content\/uploads\/2025\/03\/PRUNK-300x225.jpg 300w, https:\/\/kg-gemuetlichkeit-kerpen.de\/wp-content\/uploads\/2025\/03\/PRUNK-768x576.jpg 768w, https:\/\/kg-gemuetlichkeit-kerpen.de\/wp-content\/uploads\/2025\/03\/PRUNK.jpg 1200w\" sizes=\"(max-width: 317px) 100vw, 317px\" \/><\/figure>\n\n\n\n<p>Bei der diesj\u00e4hrigen ausverkauften Prunksitzung, verlie\u00df niemand vor Ende die Jahnhalle. <br><br>Das Finale mit den kurzfristig eingesprungenen Bl\u00e4ck F\u00f6\u00f6ss lies wie die komplette Sitzung zuvor nichts zu w\u00fcnschen \u00fcber. <br>1A Redner, erstklassige Bands und die eigenen Tanzgruppen wussten zu \u00fcberzeugen. <\/p>\n<\/div>\n\n\n\n<div class=\"wp-block-column is-layout-flow\">\n<figure class=\"wp-block-image size-large is-style-default\"><img decoding=\"async\" loading=\"lazy\" width=\"1024\" height=\"768\" src=\"https:\/\/kg-gemuetlichkeit-kerpen.de\/wp-content\/uploads\/2025\/03\/DAMEN-1024x768.jpg\" alt=\"\" class=\"wp-image-804\" srcset=\"https:\/\/kg-gemuetlichkeit-kerpen.de\/wp-content\/uploads\/2025\/03\/DAMEN-1024x768.jpg 1024w, https:\/\/kg-gemuetlichkeit-kerpen.de\/wp-content\/uploads\/2025\/03\/DAMEN-300x225.jpg 300w, https:\/\/kg-gemuetlichkeit-kerpen.de\/wp-content\/uploads\/2025\/03\/DAMEN-768x576.jpg 768w, https:\/\/kg-gemuetlichkeit-kerpen.de\/wp-content\/uploads\/2025\/03\/DAMEN.jpg 1200w\" sizes=\"(max-width: 1024px) 100vw, 1024px\" \/><\/figure>\n\n\n\n<p>Jessica P\u00f6ppinghaus und ihr Elferrat verwandelten die Jahnhalle in ein Tollhaus. <br><br>Die Ausverkaufte Jahnhalle feierte und tanzte Stundenlang. Die Hunnenwiever auf dem Balkon bereitetem dem diesj\u00e4hrigen Stadtdreigestirn einen unvergesslichen Empfang. <br>Colonia Ahoj brachte die M\u00e4dels in Extase. Wir freuen uns schon aufs n\u00e4chste Jahr.<\/p>\n<\/div>\n<\/div>\n\n\n\n<div class=\"wp-block-columns is-layout-flex wp-container-12\">\n<div class=\"wp-block-column is-layout-flow\">\n<figure class=\"wp-block-image size-large is-style-default\"><img decoding=\"async\" loading=\"lazy\" width=\"1024\" height=\"768\" src=\"https:\/\/kg-gemuetlichkeit-kerpen.de\/wp-content\/uploads\/2024\/08\/hp_st_vith-1024x768.jpg\" alt=\"\" class=\"wp-image-771\" srcset=\"https:\/\/kg-gemuetlichkeit-kerpen.de\/wp-content\/uploads\/2024\/08\/hp_st_vith-1024x768.jpg 1024w, https:\/\/kg-gemuetlichkeit-kerpen.de\/wp-content\/uploads\/2024\/08\/hp_st_vith-300x225.jpg 300w, https:\/\/kg-gemuetlichkeit-kerpen.de\/wp-content\/uploads\/2024\/08\/hp_st_vith-768x576.jpg 768w, https:\/\/kg-gemuetlichkeit-kerpen.de\/wp-content\/uploads\/2024\/08\/hp_st_vith.jpg 1200w\" sizes=\"(max-width: 1024px) 100vw, 1024px\" \/><figcaption class=\"wp-element-caption\">Auf Einladung der Stadt St Vith waren Vorstand, Ehrensenat und Ehrenmitglieder zu Besuch in Kerpens Partnerstadt. Nach dem Hochamt in der St Vitus Pfarrkirche, waren wir in der Triangle zu einem kurzweiligen Jazz Konzert eingeladen. <br><br>Anschlie\u00dfend haben wir den Tag bei bestem Wetter bei kalten Getr\u00e4nken und Schnittchen ausklingen lassen.<\/figcaption><\/figure>\n<\/div>\n\n\n\n<div class=\"wp-block-column is-layout-flow\">\n<figure class=\"wp-block-image size-large is-style-default\"><img decoding=\"async\" loading=\"lazy\" width=\"1024\" height=\"768\" src=\"https:\/\/kg-gemuetlichkeit-kerpen.de\/wp-content\/uploads\/2024\/08\/hp_grillen-1024x768.jpg\" alt=\"\" class=\"wp-image-772\" srcset=\"https:\/\/kg-gemuetlichkeit-kerpen.de\/wp-content\/uploads\/2024\/08\/hp_grillen-1024x768.jpg 1024w, https:\/\/kg-gemuetlichkeit-kerpen.de\/wp-content\/uploads\/2024\/08\/hp_grillen-300x225.jpg 300w, https:\/\/kg-gemuetlichkeit-kerpen.de\/wp-content\/uploads\/2024\/08\/hp_grillen-768x576.jpg 768w, https:\/\/kg-gemuetlichkeit-kerpen.de\/wp-content\/uploads\/2024\/08\/hp_grillen.jpg 1200w\" sizes=\"(max-width: 1024px) 100vw, 1024px\" \/><figcaption class=\"wp-element-caption\">Am Samstag 29.06. fand unser j\u00e4hrliches Helfergrillen statt. <br><br>Bei herrlischem Wetter konnten wir unseren Helfern und Helferinnen einen leckeren Nachmittag bereiten.<br><br>Wir danken euch allen von ganzem Herzen f\u00fcr eure seit Jahren treue Hilfe.<\/figcaption><\/figure>\n\n\n\n<p><\/p>\n<\/div>\n\n\n\n<div class=\"wp-block-column is-layout-flow\">\n<figure class=\"wp-block-image size-large is-style-default\"><img decoding=\"async\" loading=\"lazy\" width=\"1024\" height=\"768\" src=\"https:\/\/kg-gemuetlichkeit-kerpen.de\/wp-content\/uploads\/2024\/08\/hp_vs-1024x768.jpg\" alt=\"\" class=\"wp-image-773\" srcset=\"https:\/\/kg-gemuetlichkeit-kerpen.de\/wp-content\/uploads\/2024\/08\/hp_vs-1024x768.jpg 1024w, https:\/\/kg-gemuetlichkeit-kerpen.de\/wp-content\/uploads\/2024\/08\/hp_vs-300x225.jpg 300w, https:\/\/kg-gemuetlichkeit-kerpen.de\/wp-content\/uploads\/2024\/08\/hp_vs-768x576.jpg 768w, https:\/\/kg-gemuetlichkeit-kerpen.de\/wp-content\/uploads\/2024\/08\/hp_vs.jpg 1200w\" sizes=\"(max-width: 1024px) 100vw, 1024px\" \/><figcaption class=\"wp-element-caption\">Patrick Popanda&nbsp;(2. v.l.) wird als kommissarischer 2.ter Vorsitzender fungieren. <br><br>Ebenso wurden vier neuen Beisitzer ernannt mit Svenja Claussen&nbsp;(3. v.l.), Dominik Euskirchen&nbsp;(4. v.r.), Jessica Fauxbel&nbsp;(5. v.r.) und Jessica Schaller <br>(nicht im Bild).<\/figcaption><\/figure>\n\n\n\n<p><\/p>\n<\/div>\n<\/div>\n","protected":false},"excerpt":{"rendered":"<p>Herzlich Willkommen auf der Homepage der Traditions-Karnevals-Gesellschaft Gem\u00fctlichkeit 1908 Kerpen e.V.Auf unserer Seite wollen wir Euch unsere KG ein wenig vorstellen. Viel Spa\u00df beim st\u00f6bern. NEWS Am Sonntag den 09.03.2025 fand unser Traditionelles Fischessen in unserer Vereinskneipe &#8222;Zum Trompeter&#8220; statt. Bei leckerem Essen und k\u00fchlen Getr\u00e4nken konnten wir die lange Session etwas Revue passieren lassen &#8230; <a title=\"Startseite\" class=\"read-more\" href=\"https:\/\/kg-gemuetlichkeit-kerpen.de\/\">weiterlesen<span class=\"screen-reader-text\">Startseite<\/span><\/a><\/p>\n","protected":false},"author":2,"featured_media":0,"parent":0,"menu_order":0,"comment_status":"closed","ping_status":"closed","template":"","meta":[],"_links":{"self":[{"href":"https:\/\/kg-gemuetlichkeit-kerpen.de\/index.php?rest_route=\/wp\/v2\/pages\/10"}],"collection":[{"href":"https:\/\/kg-gemuetlichkeit-kerpen.de\/index.php?rest_route=\/wp\/v2\/pages"}],"about":[{"href":"https:\/\/kg-gemuetlichkeit-kerpen.de\/index.php?rest_route=\/wp\/v2\/types\/page"}],"author":[{"embeddable":true,"href":"https:\/\/kg-gemuetlichkeit-kerpen.de\/index.php?rest_route=\/wp\/v2\/users\/2"}],"replies":[{"embeddable":true,"href":"https:\/\/kg-gemuetlichkeit-kerpen.de\/index.php?rest_route=%2Fwp%2Fv2%2Fcomments&post=10"}],"version-history":[{"count":29,"href":"https:\/\/kg-gemuetlichkeit-kerpen.de\/index.php?rest_route=\/wp\/v2\/pages\/10\/revisions"}],"predecessor-version":[{"id":920,"href":"https:\/\/kg-gemuetlichkeit-kerpen.de\/index.php?rest_route=\/wp\/v2\/pages\/10\/revisions\/920"}],"wp:attachment":[{"href":"https:\/\/kg-gemuetlichkeit-kerpen.de\/index.php?rest_route=%2Fwp%2Fv2%2Fmedia&parent=10"}],"curies":[{"name":"wp","href":"https:\/\/api.w.org\/{rel}","templated":true}]}}